{"id":5,"date":"2017-10-12T13:43:02","date_gmt":"2017-10-12T13:43:02","guid":{"rendered":"http:\/\/tomei.albweb.al\/?page_id=5"},"modified":"2018-02-20T11:40:44","modified_gmt":"2018-02-20T11:40:44","slug":"rreth-nesh","status":"publish","type":"page","link":"https:\/\/tomei.al\/index.php\/rreth-nesh\/","title":{"rendered":"Rreth nesh"},"content":{"rendered":"<div class=\"wpb-content-wrapper\"><p>[vc_row][vc_column width=&#8221;1\/2&#8243;][vc_column_text]<iframe loading=\"lazy\" style=\"border: none; overflow: hidden;\" src=\"https:\/\/www.facebook.com\/plugins\/video.php?href=https%3A%2F%2Fwww.facebook.com%2F100005740694669%2Fvideos%2F668225753378775%2F&amp;show_text=0&amp;width=560\" width=\"560\" height=\"400\" frameborder=\"0\" scrolling=\"no\" allowfullscreen=\"allowfullscreen\"><\/iframe>[\/vc_column_text][\/vc_column][vc_column width=&#8221;1\/2&#8243;][vc_column_text]<\/p>\n<p style=\"text-align: center; font-size: 35px;\"><strong><span style=\"color: #d1483a;\">MIR\u00cbSEVINI N\u00cb TOMEI<\/span><\/strong><\/p>\n<p style=\"text-align: center; font-size: 20px;\"><strong><span style=\"color: #333333;\">Let\u00ebr Murale Profesionale <\/span><\/strong><\/p>\n<p>[\/vc_column_text][vc_column_text css=&#8221;.vc_custom_1508334506914{margin-top: -10px !important;}&#8221;]<\/p>\n<p style=\"text-align: justify;\">Ne vijme prane jush me nje eksperience prej 17 vitesh me letra murale RASCH, prodhime gjermane te nje cilesie te larte per t&#8217;i ofruar shtepise dhe ambjenteve tuaja ngrohtesine dhe rehatine per te cilen ka nevoje.<br \/>\nPer nje shtepi sa me bashkekohore ne sjellim tek ju letra murale cilesore, tapete belge, parkete si dhe grila te brendshme.<\/p>\n<p style=\"text-align: justify;\">Ne jemi munduar qe t&#8217;i perzgjedhim ne menyre te kujdesshme prodhuesit tane evropiane, ne menyre qe te mbajme pergjegjesi te plote per produktet qe ju ofrojme.<br \/>\nNa besoni dhe ne do te kujdesemi qe shtepia juaj te marre pamjen e enderruar !<br \/>\nJu mirepresim !<\/p>\n<p>[\/vc_column_text][\/vc_column][\/vc_row][vc_row][vc_column][vc_empty_space height=&#8221;20px&#8221;][\/vc_column][\/vc_row][vc_row][vc_column]<div id=\"ult-carousel-51636223969fb2f146b620\" class=\"ult-carousel-wrapper   ult_horizontal\" data-gutter=\"15\" data-rtl=\"false\" ><div class=\"ult-carousel-17304704069fb2f146b51d \" >[vc_single_image image=&#8221;1338&#8243; img_size=&#8221;full&#8221; onclick=&#8221;link_image&#8221;][vc_single_image image=&#8221;1344&#8243; img_size=&#8221;full&#8221; onclick=&#8221;link_image&#8221;][vc_single_image image=&#8221;1342&#8243; img_size=&#8221;full&#8221; onclick=&#8221;link_image&#8221;][vc_single_image image=&#8221;1340&#8243; img_size=&#8221;full&#8221; onclick=&#8221;link_image&#8221;][vc_single_image image=&#8221;1336&#8243; img_size=&#8221;full&#8221; onclick=&#8221;link_image&#8221;][vc_single_image image=&#8221;1345&#8243; img_size=&#8221;full&#8221; onclick=&#8221;link_image&#8221;][vc_single_image image=&#8221;1346&#8243; img_size=&#8221;full&#8221; onclick=&#8221;link_image&#8221;][vc_single_image image=&#8221;1341&#8243; img_size=&#8221;full&#8221; onclick=&#8221;link_image&#8221;]<\/div><\/div>\t\t\t<script type=\"text\/javascript\">\n\t\t\t\tjQuery(document).ready(function ($) {\n\t\t\t\t\tif( typeof jQuery('.ult-carousel-17304704069fb2f146b51d').slick == \"function\"){\n\t\t\t\t\t\t$('.ult-carousel-17304704069fb2f146b51d').slick({dots: true,autoplay: true,autoplaySpeed: \"3000\",speed: \"3000\",infinite: true,arrows: true,nextArrow: '<button type=\"button\" role=\"button\" aria-label=\"Next\" style=\"color:#333333; font-size:20px;\" class=\"slick-next default\"><i class=\"ultsl-arrow-right4\"><\/i><\/button>',prevArrow: '<button type=\"button\" role=\"button\" aria-label=\"Previous\" style=\"color:#333333; font-size:20px;\" class=\"slick-prev default\"><i class=\"ultsl-arrow-left4\"><\/i><\/button>',slidesToScroll:3,slidesToShow:3,swipe: true,draggable: true,touchMove: true,pauseOnHover: true,pauseOnFocus: false,responsive: [\n\t\t\t\t\t\t\t{\n\t\t\t\t\t\t\t  breakpoint: 1026,\n\t\t\t\t\t\t\t  settings: {\n\t\t\t\t\t\t\t\tslidesToShow: 3,\n\t\t\t\t\t\t\t\tslidesToScroll: 3,  \n\t\t\t\t\t\t\t  }\n\t\t\t\t\t\t\t},\n\t\t\t\t\t\t\t{\n\t\t\t\t\t\t\t  breakpoint: 1025,\n\t\t\t\t\t\t\t  settings: {\n\t\t\t\t\t\t\t\tslidesToShow: 3,\n\t\t\t\t\t\t\t\tslidesToScroll: 3\n\t\t\t\t\t\t\t  }\n\t\t\t\t\t\t\t},\n\t\t\t\t\t\t\t{\n\t\t\t\t\t\t\t  breakpoint: 760,\n\t\t\t\t\t\t\t  settings: {\n\t\t\t\t\t\t\t\tslidesToShow: 1,\n\t\t\t\t\t\t\t\tslidesToScroll: 1\n\t\t\t\t\t\t\t  }\n\t\t\t\t\t\t\t}\n\t\t\t\t\t\t],pauseOnDotsHover: true,customPaging: function(slider, i) {\n                   return '<i type=\"button\" style= \"color:#333333;\" class=\"ultsl-record\" data-role=\"none\"><\/i>';\n                },});\n\t\t\t\t\t}\n\t\t\t\t});\n\t\t\t<\/script>\n\t\t\t[\/vc_column][\/vc_row]<\/p>\n<\/div>","protected":false},"excerpt":{"rendered":"<p>[vc_row][vc_column width=&#8221;1\/2&#8243;][vc_column_text][\/vc_column_text][\/vc_column][vc_column width=&#8221;1\/2&#8243;][vc_column_text] MIR\u00cbSEVINI N\u00cb TOMEI Let\u00ebr Murale Profesionale [\/vc_column_text][vc_column_text css=&#8221;.vc_custom_1508334506914{margin-top: -10px !important;}&#8221;] Ne vijme prane jush me nje eksperience prej 17 vitesh me letra murale RASCH, prodhime gjermane te nje cilesie te larte per t&#8217;i ofruar shtepise dhe ambjenteve tuaja ngrohtesine dhe rehatine per te cilen ka nevoje. Per nje shtepi sa me bashkekohore&hellip;<\/p>\n","protected":false},"author":3,"featured_media":0,"parent":0,"menu_order":0,"comment_status":"closed","ping_status":"closed","template":"","meta":{"footnotes":""},"class_list":["post-5","page","type-page","status-publish","hentry","description-off"],"_links":{"self":[{"href":"https:\/\/tomei.al\/index.php\/wp-json\/wp\/v2\/pages\/5","targetHints":{"allow":["GET"]}}],"collection":[{"href":"https:\/\/tomei.al\/index.php\/wp-json\/wp\/v2\/pages"}],"about":[{"href":"https:\/\/tomei.al\/index.php\/wp-json\/wp\/v2\/types\/page"}],"author":[{"embeddable":true,"href":"https:\/\/tomei.al\/index.php\/wp-json\/wp\/v2\/users\/3"}],"replies":[{"embeddable":true,"href":"https:\/\/tomei.al\/index.php\/wp-json\/wp\/v2\/comments?post=5"}],"version-history":[{"count":6,"href":"https:\/\/tomei.al\/index.php\/wp-json\/wp\/v2\/pages\/5\/revisions"}],"predecessor-version":[{"id":1347,"href":"https:\/\/tomei.al\/index.php\/wp-json\/wp\/v2\/pages\/5\/revisions\/1347"}],"wp:attachment":[{"href":"https:\/\/tomei.al\/index.php\/wp-json\/wp\/v2\/media?parent=5"}],"curies":[{"name":"wp","href":"https:\/\/api.w.org\/{rel}","templated":true}]}}